{"id":48,"date":"2017-03-22T11:30:58","date_gmt":"2017-03-22T11:30:58","guid":{"rendered":"http:\/\/raratheme.com\/preview\/lawyer-landing-page-pro\/?page_id=48"},"modified":"2024-07-09T16:25:04","modified_gmt":"2024-07-09T16:25:04","slug":"why-we-are-the-best-choice","status":"publish","type":"page","link":"https:\/\/www.fidutra.ma\/?page_id=48","title":{"rendered":"Pourquoi Fidutra-com est Votre Meilleur Choix pour les Services comptables \u00e0 Marrakech"},"content":{"rendered":"<p>Choisir le bon partenaire pour g\u00e9rer vos besoins financiers est une d\u00e9cision cruciale qui peut avoir un impact significatif sur la r\u00e9ussite de votre entreprise. Chez Fidutra-com, nous comprenons l&rsquo;importance de cette d\u00e9cision. C&rsquo;est pourquoi nous avons consacr\u00e9 notre entreprise \u00e0 offrir un service exceptionnel, fond\u00e9 sur l&rsquo;expertise, l&rsquo;adaptabilit\u00e9 et l&rsquo;engagement communautaire. Voici trois raisons principales pour lesquelles Fidutra-com devrait \u00eatre votre choix de confiance pour tous vos besoins financiers et comptables \u00e0 Marrakech<\/p>\n<p><strong>1. Expertise Profonde :<\/strong> Chez Fidutra, vous b\u00e9n\u00e9ficiez de l&rsquo;expertise d&rsquo;une \u00e9quipe men\u00e9e par M. Taieb BENTEBBAA , expert judiciaire asserment\u00e9 pr\u00e8s de la Cour d&rsquo;appel de Marrakech et ancien cadre de banque. Notre exp\u00e9rience et nos connaissances approfondies du secteur financier font de nous le choix id\u00e9al pour g\u00e9rer vos besoins financiers.<\/p>\n<p><strong>2. Services Sur Mesure :<\/strong> Nous comprenons que chaque client est unique. C&rsquo;est pourquoi nous offrons des services financiers sur mesure, adapt\u00e9s \u00e0 vos besoins sp\u00e9cifiques. Que vous soyez une petite entreprise locale ou une grande entreprise internationale, nous sommes pr\u00eats \u00e0 vous aider \u00e0 naviguer dans les complexit\u00e9s du paysage financier.<\/p>\n<p><strong>3. Engagement envers la Communaut\u00e9 :<\/strong> Nous ne sommes pas seulement une entreprise, nous sommes aussi des membres actifs de la communaut\u00e9 de Marrakech. Nous croyons en l&rsquo;importance d&rsquo;agir en tant que citoyens corporatifs responsables et nous nous engageons \u00e0 faire une diff\u00e9rence positive dans notre ville. En choisissant Fidutra-com, vous choisissez une entreprise qui se soucie de sa communaut\u00e9.<\/p>\n","protected":false},"excerpt":{"rendered":"<p>Choisir le bon partenaire pour g\u00e9rer vos besoins financiers est une d\u00e9cision cruciale qui peut avoir un impact significatif sur la r\u00e9ussite de votre entreprise.<\/p>\n","protected":false},"author":1,"featured_media":49,"parent":0,"menu_order":0,"comment_status":"closed","ping_status":"closed","template":"","meta":{"content-type":"","footnotes":""},"class_list":["post-48","page","type-page","status-publish","has-post-thumbnail","hentry","latest_post"],"_links":{"self":[{"href":"https:\/\/www.fidutra.ma\/index.php?rest_route=\/wp\/v2\/pages\/48","targetHints":{"allow":["GET"]}}],"collection":[{"href":"https:\/\/www.fidutra.ma\/index.php?rest_route=\/wp\/v2\/pages"}],"about":[{"href":"https:\/\/www.fidutra.ma\/index.php?rest_route=\/wp\/v2\/types\/page"}],"author":[{"embeddable":true,"href":"https:\/\/www.fidutra.ma\/index.php?rest_route=\/wp\/v2\/users\/1"}],"replies":[{"embeddable":true,"href":"https:\/\/www.fidutra.ma\/index.php?rest_route=%2Fwp%2Fv2%2Fcomments&post=48"}],"version-history":[{"count":5,"href":"https:\/\/www.fidutra.ma\/index.php?rest_route=\/wp\/v2\/pages\/48\/revisions"}],"predecessor-version":[{"id":966,"href":"https:\/\/www.fidutra.ma\/index.php?rest_route=\/wp\/v2\/pages\/48\/revisions\/966"}],"wp:featuredmedia":[{"embeddable":true,"href":"https:\/\/www.fidutra.ma\/index.php?rest_route=\/wp\/v2\/media\/49"}],"wp:attachment":[{"href":"https:\/\/www.fidutra.ma\/index.php?rest_route=%2Fwp%2Fv2%2Fmedia&parent=48"}],"curies":[{"name":"wp","href":"https:\/\/api.w.org\/{rel}","templated":true}]}}