{"id":33,"date":"2017-03-22T10:50:37","date_gmt":"2017-03-22T10:50:37","guid":{"rendered":"http:\/\/raratheme.com\/preview\/lawyer-landing-page-pro\/?page_id=33"},"modified":"2024-07-09T16:23:53","modified_gmt":"2024-07-09T16:23:53","slug":"practice-areas","status":"publish","type":"page","link":"https:\/\/www.fidutra.ma\/?page_id=33","title":{"rendered":"La Comptabilit\u00e9, la Fiscalit\u00e9 et les Services Fiduciaires \u00e0 Marrakech"},"content":{"rendered":"<h2>Votre Partenaire de Confiance pour la Comptabilit\u00e9, la Fiscalit\u00e9 et les Services Fiduciaires \u00e0 Marrakech<\/h2>\n<ol>\n<li><strong>Comptabilit\u00e9<\/strong> : Fidutra offre des services de comptabilit\u00e9 complets pour aider les entreprises \u00e0 g\u00e9rer leurs finances efficacement. Cela comprend la tenue des livres, la pr\u00e9paration des \u00e9tats financiers, et la gestion de la paie.<\/li>\n<li><strong>Fiscalit\u00e9<\/strong> : Dans le domaine de la fiscalit\u00e9, Fidutra travaille \u00e0 pr\u00e9parer les d\u00e9clarations fiscales, \u00e0 planifier les taxes et \u00e0 repr\u00e9senter les clients lors des audits fiscaux. L&rsquo;objectif est d&rsquo;aider les entreprises \u00e0 respecter leurs obligations fiscales et \u00e0 minimiser leur charge fiscale.<\/li>\n<li><strong>Constitution de Soci\u00e9t\u00e9s<\/strong> : Fidutra guide les entrepreneurs \u00e0 travers le processus complexe de constitution d&rsquo;une entreprise, en leur fournissant des conseils juridiques et fiscaux afin de garantir une fondation solide pour leur entreprise d\u00e8s le d\u00e9part.<\/li>\n<li><strong>Services Fiduciaires<\/strong> : Fidutra propose une gamme de services fiduciaires, dont la gestion d&rsquo;actifs et la planification successorale, pour aider les particuliers et les entreprises \u00e0 prot\u00e9ger et \u00e0 maximiser leur patrimoine.<\/li>\n<\/ol>\n<p>En outre, Fidutra offre \u00e9galement des services de conseil bancaire, d&rsquo;audit et de contr\u00f4le de gestion, ainsi que le montage financier des projets et des dossiers de cr\u00e9dits. Tous ces services sont con\u00e7us pour aider les entreprises \u00e0 naviguer dans le paysage financier complexe, \u00e0 assurer la conformit\u00e9, \u00e0 am\u00e9liorer l&rsquo;efficacit\u00e9 et \u00e0 minimiser les risques.<\/p>\n","protected":false},"excerpt":{"rendered":"<p>Votre Partenaire de Confiance pour la Comptabilit\u00e9, la Fiscalit\u00e9 et les Services Fiduciaires \u00e0 Marrakech<\/p>\n","protected":false},"author":1,"featured_media":0,"parent":0,"menu_order":0,"comment_status":"closed","ping_status":"closed","template":"","meta":{"content-type":"","footnotes":""},"class_list":["post-33","page","type-page","status-publish","hentry","latest_post"],"_links":{"self":[{"href":"https:\/\/www.fidutra.ma\/index.php?rest_route=\/wp\/v2\/pages\/33","targetHints":{"allow":["GET"]}}],"collection":[{"href":"https:\/\/www.fidutra.ma\/index.php?rest_route=\/wp\/v2\/pages"}],"about":[{"href":"https:\/\/www.fidutra.ma\/index.php?rest_route=\/wp\/v2\/types\/page"}],"author":[{"embeddable":true,"href":"https:\/\/www.fidutra.ma\/index.php?rest_route=\/wp\/v2\/users\/1"}],"replies":[{"embeddable":true,"href":"https:\/\/www.fidutra.ma\/index.php?rest_route=%2Fwp%2Fv2%2Fcomments&post=33"}],"version-history":[{"count":7,"href":"https:\/\/www.fidutra.ma\/index.php?rest_route=\/wp\/v2\/pages\/33\/revisions"}],"predecessor-version":[{"id":1110,"href":"https:\/\/www.fidutra.ma\/index.php?rest_route=\/wp\/v2\/pages\/33\/revisions\/1110"}],"wp:attachment":[{"href":"https:\/\/www.fidutra.ma\/index.php?rest_route=%2Fwp%2Fv2%2Fmedia&parent=33"}],"curies":[{"name":"wp","href":"https:\/\/api.w.org\/{rel}","templated":true}]}}