{"id":129,"date":"2017-03-23T09:32:41","date_gmt":"2017-03-23T09:32:41","guid":{"rendered":"http:\/\/raratheme.com\/preview\/lawyer-landing-page-pro\/?page_id=129"},"modified":"2025-02-28T14:21:07","modified_gmt":"2025-02-28T14:21:07","slug":"offres-completes-pour-la-creation-dentreprise-et-la-comptabilite-au-maroc","status":"publish","type":"page","link":"https:\/\/www.fidutra.ma\/?page_id=129","title":{"rendered":"Offres Compl\u00e8tes pour la Cr\u00e9ation d&rsquo;Entreprise et la Comptabilit\u00e9 \u00e0 Marrakech"},"content":{"rendered":"<div class=\"columns\">\n<ul class=\"price\">\n<li class=\"header\" style=\"background-color: #04aa6d;\">Pack Entrepreneur<\/li>\n<li>Certificat n\u00e9gatif (Nom de votre soci\u00e9t\u00e9)<\/li>\n<li>Etablissement et enregistrement des statuts<\/li>\n<li>Registre du commerce et Mod\u00e8le J<\/li>\n<li>Taxe professionnelle<\/li>\n<li>Annonce l\u00e9gale (Journal)<\/li>\n<li>Identifiant fiscal<\/li>\n<li>A Dossier pour ouverture du compte bancaire)<\/li>\n<li>Adh\u00e9sion \u00e0 la DGI<\/li>\n<li>Adh\u00e9sion aux services DAMANCOM<\/li>\n<\/ul>\n<\/div>\n<div class=\"columns\">\n<ul class=\"price\">\n<li class=\"header\" style=\"background-color: #04aa6d;\">Pack Start Up<\/li>\n<li>6 mois de domiciliation<\/li>\n<li>Certificat n\u00e9gatif (Nom de votre soci\u00e9t\u00e9)<\/li>\n<li>Etablissement et enregistrement des statuts<\/li>\n<li>Registre du commerce et Mod\u00e8le J<\/li>\n<li>Taxe professionnelle<\/li>\n<li>Annonce l\u00e9gale (Journal)<\/li>\n<li>Identifiant fiscal<\/li>\n<li>A Dossier pour ouverture du compte bancaire)<\/li>\n<li>Adh\u00e9sion \u00e0 la DGI<\/li>\n<li>Adh\u00e9sion aux services DAMANCOM<\/li>\n<\/ul>\n<\/div>\n<div class=\"columns\">\n<ul class=\"price\">\n<li class=\"header\" style=\"background-color: #04aa6d;\">Pack Pro<\/li>\n<li>12 mois de domiciliation<\/li>\n<li>Certificat n\u00e9gatif (Nom de votre soci\u00e9t\u00e9)<\/li>\n<li>Etablissement et enregistrement des statuts<\/li>\n<li>Registre du commerce et Mod\u00e8le J<\/li>\n<li>Taxe professionnelle<\/li>\n<li>Annonce l\u00e9gale (Journal)<\/li>\n<li>Identifiant fiscal<\/li>\n<li>A Dossier pour ouverture du compte bancaire)<\/li>\n<li>Adh\u00e9sion \u00e0 la DGI<\/li>\n<li>Adh\u00e9sion aux services DAMANCOM<\/li>\n<\/ul>\n<\/div>\n<h3 style=\"text-align: center;\"><strong><a href=\"https:\/\/www.fidutra.ma\/contact-fiduciaire-marrakech\/\">Demander Un devis<\/a><\/strong><\/h3>\n<div class=\"columns\">\n<ul class=\"price\">\n<li class=\"header\" style=\"background-color: #04aa6d;\">Pack Comptabilit\u00e9  <\/li>\n<li>Tenue de Comptabilit\u00e9  <\/li>\n<li>4 d\u00e9clarations trimestrielles de T.V.A<\/li>\n<li>D\u00e9claration \u00e0 la CNSS &#038; AMO<\/li>\n<li>Saisie comptable des pi\u00e8ces justificatives<\/li>\n<li>Etablissement des rapprochements bancaires<\/li>\n<li>Analyse p\u00e9riodique des comptes auxiliaires (clients, fournisseurs, etc.)<\/li>\n<li>Constatation et comptabilisation des provisions<\/li>\n<li>D\u00e9termination du r\u00e9sultat fiscal<\/li>\n<li>Etablissement de toute la liasse fiscale (bilan, compte de r\u00e9sultat et les \u00e9tats annexes)<\/li>\n<li>R\u00e9alisation de toutes les t\u00e9l\u00e9d\u00e9clarations fiscales<\/li>\n<\/ul>\n<\/div>\n<div class=\"columns\">\n<ul class=\"price\">\n<li class=\"header\" style=\"background-color: #04aa6d;\">Business Plan Sp\u00e9cial Intilaka <\/li>\n<li>Tenue de Comptabilit\u00e9  <\/li>\n<li>Conseil Strat\u00e9gie marketing<\/li>\n<li>Conseil Etude de march\u00e9<\/li>\n<li>Pr\u00e9sentation de projet<\/li>\n<li>Plan financier (3 ans)<\/li>\n<\/ul>\n<\/div>\n<div class=\"columns\">\n<ul class=\"price\">\n<li class=\"header\" style=\"background-color: #04aa6d;\">Business Plan Pro <\/li>\n<li>Tenue de Comptabilit\u00e9  <\/li>\n<li>Conseil Strat\u00e9gie marketing<\/li>\n<li>Conseil Etude de march\u00e9<\/li>\n<li>Pr\u00e9sentation de projet<\/li>\n<li>Plan financier (5 ans)<\/li>\n<\/ul>\n<\/div>\n<h3 style=\"text-align: center;\"><strong><a href=\"https:\/\/www.fidutra.ma\/contact-fiduciaire-marrakech\/\">Demander Un devis<\/a><\/strong><\/h3>\n","protected":false},"excerpt":{"rendered":"<p>Pack Entrepreneur Certificat n\u00e9gatif (Nom de votre soci\u00e9t\u00e9) Etablissement et enregistrement des statuts Registre du commerce et Mod\u00e8le J Taxe professionnelle Annonce l\u00e9gale (Journal) Identifiant fiscal A Dossier pour ouverture du compte bancaire) Adh\u00e9sion \u00e0 la DGI Adh\u00e9sion aux services &hellip; <\/p>\n","protected":false},"author":1,"featured_media":0,"parent":0,"menu_order":0,"comment_status":"closed","ping_status":"closed","template":"","meta":{"content-type":"","footnotes":""},"class_list":["post-129","page","type-page","status-publish","hentry","latest_post"],"_links":{"self":[{"href":"https:\/\/www.fidutra.ma\/index.php?rest_route=\/wp\/v2\/pages\/129","targetHints":{"allow":["GET"]}}],"collection":[{"href":"https:\/\/www.fidutra.ma\/index.php?rest_route=\/wp\/v2\/pages"}],"about":[{"href":"https:\/\/www.fidutra.ma\/index.php?rest_route=\/wp\/v2\/types\/page"}],"author":[{"embeddable":true,"href":"https:\/\/www.fidutra.ma\/index.php?rest_route=\/wp\/v2\/users\/1"}],"replies":[{"embeddable":true,"href":"https:\/\/www.fidutra.ma\/index.php?rest_route=%2Fwp%2Fv2%2Fcomments&post=129"}],"version-history":[{"count":38,"href":"https:\/\/www.fidutra.ma\/index.php?rest_route=\/wp\/v2\/pages\/129\/revisions"}],"predecessor-version":[{"id":1216,"href":"https:\/\/www.fidutra.ma\/index.php?rest_route=\/wp\/v2\/pages\/129\/revisions\/1216"}],"wp:attachment":[{"href":"https:\/\/www.fidutra.ma\/index.php?rest_route=%2Fwp%2Fv2%2Fmedia&parent=129"}],"curies":[{"name":"wp","href":"https:\/\/api.w.org\/{rel}","templated":true}]}}